{"id":573,"date":"2014-04-30T19:01:19","date_gmt":"2014-04-30T17:01:19","guid":{"rendered":"http:\/\/ateliersimdelta.de\/coem\/?page_id=573"},"modified":"2015-07-05T07:52:27","modified_gmt":"2015-07-05T05:52:27","slug":"die-wandelhallen-des-ewigen-donners","status":"publish","type":"page","link":"https:\/\/ateliersimdelta.de\/coem\/projekte\/die-wandelhallen-des-ewigen-donners\/","title":{"rendered":"Magischer Realismus"},"content":{"rendered":"<p>Der <b>magische Realismus<\/b> (<a title=\"Spanische Sprache\" href=\"https:\/\/de.wikipedia.org\/wiki\/Spanische_Sprache\">spanisch<\/a> <span lang=\"es\" xml:lang=\"es\"><i>realismo m\u00e1gico<\/i><\/span>) ist eine k\u00fcnstlerische Str\u00f6mung, die seit den 1920er-Jahren vor allem im Gebiet der <a title=\"Malerei\" href=\"https:\/\/de.wikipedia.org\/wiki\/Malerei\">Malerei<\/a> und der <a title=\"Literatur\" href=\"https:\/\/de.wikipedia.org\/wiki\/Literatur\">Literatur<\/a> in einigen L\u00e4ndern Europas sowie Nord- und S\u00fcdamerikas vertreten ist. Aufgegriffen und weitergef\u00fchrt wurde der magische Realismus sp\u00e4ter auch in den Bereichen Filmkunst und Fotografie.<\/p>\n<p>Der Begriff wurde erstmals 1925 vom Kunstkritiker Franz Roh in seinem Buch <em><strong>Nach-Expressionismus: Magischer Realismus. Probleme der neuesten europ\u00e4ischen Malerei<\/strong> <\/em>verwendet. Roh schreibt: &#8222;Mit \u201emagisch\u201c im Gegensatz zu \u201emythisch\u201c sollte angedeutet sein, dass das Geheimnis nicht in die dargestellte Welt eingeht, sondern sich hinter ihr zur\u00fcckh\u00e4lt.&#8220;\u00a0Roh pr\u00e4gte den Begriff <em><strong>Magischer Realismus<\/strong><\/em>\u00a0f\u00fcr den Malstil der Bilder, die 1924 bei einer Ausstellung in der Kunsthalle Mannheim pr\u00e4sentiert wurden.\u00a0Der Name bezog sich vor allem auf die dort gezeigten\u00a0<strong>*<\/strong>\u00a0Stillleben. \u00a0Der Begriff \u201eMagischer Realismus\u201c erschien ihm treffender als die Begriffe &#8222;Verismus&#8220; und &#8222;Neuklassizismus&#8220;, die nur nur einen Teil der Bewegung darstellten. Verismus, Neuklassizismus und Magischer Realismus bildeten die Teilbewegungen der Neuen Sachlichkeit.\u00a0W\u00e4hrend die anderen Bewegungen der Neuen Sachlichkeit mit der Machtergreifung der Nationalsozialisten und der nachfolgenden Gleichschaltung der Medien und der Kultur endete, etablierte sich der Magische Realismus in den 1930er-, 40er- und 50er-Jahren als eigenst\u00e4ndige Str\u00f6mung in ganz Europa und in Amerika.\u00a0Der \u00dcbergang zum <a title=\"Surrealismus\" href=\"https:\/\/de.wikipedia.org\/wiki\/Surrealismus\">Surrealismus<\/a> ist flie\u00dfend.<\/p>\n<p>Der magische Realismus stellt die Verschmelzung von realer Wirklichkeit (greifbar, sichtbar, rational) und magischer Realit\u00e4t (Halluzinationen, Tr\u00e4ume) dar. Er ist eine \u201edritte Realit\u00e4t\u201c, eine Synthese aus den uns gel\u00e4ufigen Wirklichkeiten: realer und magischer Realit\u00e4t. &#8222;Zwischen der Realit\u00e4t, die man eigentlich die \u201ereale Realit\u00e4t\u201c nennen m\u00fcsste, und der magischen Realit\u00e4t, wie die Menschen sie erleben, gibt es eine dritte Realit\u00e4t, und diese andere Realit\u00e4t ist nicht nur das Produkt des Sichtbaren und Greifbaren, nicht nur der Halluzination und des Traums, sondern ist Ergebnis der Verschmelzung dieser beiden Elemente. [\u2026] es ist das, was wir den magischen Realismus nennen k\u00f6nnen.&#8220; (Lorenz, G\u00fcnter W.: Dialog mit Lateinamerika. Panorama einer Literatur der Zukunft. T\u00fcbingen\/Basel: Erdmann 1970,\u00a0S. 394).<\/p>\n<p>Um den Magischen Realismus definieren zu k\u00f6nnen, ist es hilfreich zu wissen, wie sich der Begriff im Lauf der Zeit gewandelt hat. Die Geschichte des Begriffs l\u00e4sst\u00a0zwei verschiedene grundlegende Konzepte erkennen:<\/p>\n<ul>\n<li>zum einen die Enth\u00fcllung der \u201eMagie des Seins\u201c, die unter der Oberfl\u00e4che des Alltags verborgen liegt (in der europ\u00e4ischen Malerei der 1920er-Jahre),<\/li>\n<li>zum anderen das Erz\u00e4hlen von \u201cmagical happenings\u201d in der Realit\u00e4t (seit den 1950erJahren in der lateinamerikanischen Literatur, danach von dort ausgehend weltweit).<\/li>\n<\/ul>\n<p>Bei den Bildern des Magischen Realismus dominiert nicht allein der Mensch, sondern auch vermeintlich nebens\u00e4chlichen Gegenst\u00e4nden wird Bedeutung beigemessen. Eine Wiederbelebung erfuhr die Kunstrichtung in den 1960er und 70er Jahren. Zum Unterschied von dem zu der Zeit aktuellen\u00a0<strong>*<\/strong>\u00a0<a href=\"http:\/\/www.beyars.com\/kunstlexikon\/lexikon_6340.html\">Neuen Realismus<\/a>\u00a0werden beim Magischen Realismus die Dinge zum Tr\u00e4ger von Botschaften und zu Sinnbildern f\u00fcr Empfindungen. Unter diesem Gesichtspunkt ausgef\u00fchrte Arbeiten stammen u. a. von B. Goller, A. Kanoldt, K. Klapheck, C. Mense und G. Schrimpf.<\/p>\n<p>B\u00fccher:<\/p>\n<p>Bowers, Maggie Ann: Magic(al) Realism. New York: Routledge 2004<\/p>\n<p>Lorenz, G\u00fcnter W.: Dialog mit Lateinamerika. Panorama einer Literatur der Zukunft. T\u00fcbingen\/Basel: Erdmann 1970<\/p>\n<p>Roh, Franz: Nachexpressionismus. Magischer Realismus. Probleme der neuesten europ\u00e4ischen Malerei. Leipzig: Klinkhardt &amp; Biermann 1925<\/p>\n<p>Scheffel, Michael: Magischer Realismus. Die Geschichte eines Begriffes und ein Versuch seiner Bestimmung. T\u00fcbingen: Stauffenburg Verlag 1990<\/p>\n<p>Soo Im Choi MA:\u00a0Mimesis des Herzens, Momente der Epiphanie. Magischer Realismus in zeitgen\u00f6ssischen Romanen und Filmen, Wien 2011, Dissertation, <a href=\"http:\/\/othes.univie.ac.at\/15655\/1\/2011-07-08_0846000.pdf\">Link<\/a>.<\/p>\n<p>&nbsp;<\/p>\n","protected":false},"excerpt":{"rendered":"<p>Der magische Realismus (spanisch realismo m\u00e1gico) ist eine k\u00fcnstlerische Str\u00f6mung, die seit den 1920er-Jahren vor allem im Gebiet der Malerei und der Literatur in einigen L\u00e4ndern Europas sowie Nord- und S\u00fcdamerikas vertreten ist. Aufgegriffen und weitergef\u00fchrt wurde der magische Realismus sp\u00e4ter auch in den Bereichen Filmkunst und Fotografie. Der Begriff wurde erstmals 1925 vom Kunstkritiker [&hellip;]<\/p>\n","protected":false},"author":2,"featured_media":0,"parent":6,"menu_order":0,"comment_status":"closed","ping_status":"open","template":"","meta":{"footnotes":""},"class_list":["post-573","page","type-page","status-publish","hentry"],"_links":{"self":[{"href":"https:\/\/ateliersimdelta.de\/coem\/wp-json\/wp\/v2\/pages\/573","targetHints":{"allow":["GET"]}}],"collection":[{"href":"https:\/\/ateliersimdelta.de\/coem\/wp-json\/wp\/v2\/pages"}],"about":[{"href":"https:\/\/ateliersimdelta.de\/coem\/wp-json\/wp\/v2\/types\/page"}],"author":[{"embeddable":true,"href":"https:\/\/ateliersimdelta.de\/coem\/wp-json\/wp\/v2\/users\/2"}],"replies":[{"embeddable":true,"href":"https:\/\/ateliersimdelta.de\/coem\/wp-json\/wp\/v2\/comments?post=573"}],"version-history":[{"count":22,"href":"https:\/\/ateliersimdelta.de\/coem\/wp-json\/wp\/v2\/pages\/573\/revisions"}],"predecessor-version":[{"id":1028,"href":"https:\/\/ateliersimdelta.de\/coem\/wp-json\/wp\/v2\/pages\/573\/revisions\/1028"}],"up":[{"embeddable":true,"href":"https:\/\/ateliersimdelta.de\/coem\/wp-json\/wp\/v2\/pages\/6"}],"wp:attachment":[{"href":"https:\/\/ateliersimdelta.de\/coem\/wp-json\/wp\/v2\/media?parent=573"}],"curies":[{"name":"wp","href":"https:\/\/api.w.org\/{rel}","templated":true}]}}